{"id":12,"date":"2024-08-21T10:29:41","date_gmt":"2024-08-21T10:29:41","guid":{"rendered":"https:\/\/protectpro.ro\/?page_id=12"},"modified":"2025-01-13T11:20:14","modified_gmt":"2025-01-13T09:20:14","slug":"despre-noi","status":"publish","type":"page","link":"https:\/\/protectpro.ro\/?page_id=12","title":{"rendered":"Despre noi"},"content":{"rendered":"\n<h2 class=\"wp-block-heading has-extra-large-font-size\">Protect Pro este o firm\u0103 \u00eenfiin\u021bat\u0103 \u00een 2024, mic\u0103 dar cu o vast\u0103 experien\u021b\u0103 acumulat\u0103 \u00een ani de munc\u0103 \u00een domeniul securit\u0103\u021bii \u0219i tehnologiei.<\/h2>\n\n\n\n<p>De\u0219i suntem la \u00eenceput ca entitate, echipa noastr\u0103 este format\u0103 din profesioni\u0219ti cu expertiz\u0103 solid\u0103, dedica\u021bi s\u0103 ofere cele mai bune solu\u021bii pentru protec\u021bia \u0219i confortul dumneavoastr\u0103. Oferim servicii complete de instalare \u0219i mentenan\u021b\u0103 pentru sisteme de securitate, alarme, interfoane video, automatiz\u0103ri de por\u021bi, precum \u0219i re\u021bele LAN, WLAN, electrice \u0219i TV. La Protect Pro, combin\u0103m cuno\u0219tin\u021bele avansate cu o abordare personalizat\u0103, pentru a v\u0103 oferi siguran\u021ba pe care o merita\u021bi. Suntem aici pentru a construi \u00eencrederea, un proiect la un moment dat.<\/p>\n\n\n\n<p>Ne-am propus s\u0103 devenim un lider de \u00eencredere \u00een industria securit\u0103\u021bii \u0219i tehnologiei. Printre obiectivele noastre principale se num\u0103r\u0103:<\/p>\n\n\n\n<p><strong>Excelen\u021b\u0103 \u00een Servicii:<\/strong> Oferirea de servicii de \u00eenalt\u0103 calitate, adaptate nevoilor fiec\u0103rui client, pentru a asigura protec\u021bia \u0219i confortul dorit.<\/p>\n\n\n\n<p><strong>Inova\u021bie Continu\u0103:<\/strong> Adoptarea celor mai noi tehnologii \u0219i solu\u021bii inovatoare pentru a r\u0103m\u00e2ne \u00een fruntea industriei \u0219i a oferi cele mai eficiente \u0219i sigure solu\u021bii.<\/p>\n\n\n\n<p><strong>Rela\u021bii Durabile:<\/strong> Construirea \u0219i men\u021binerea unor rela\u021bii puternice cu clien\u021bii \u0219i partenerii no\u0219tri, bazate pe \u00eencredere \u0219i profesionalism.<\/p>\n\n\n\n<p><strong>Expansiune Sustenabil\u0103:<\/strong> Dezvoltarea afacerii noastre \u00eentr-un mod sustenabil, asigur\u00e2nd o cre\u0219tere constant\u0103 \u0219i o prezen\u021b\u0103 solid\u0103 pe pia\u021b\u0103.<\/p>\n\n\n\n<p><strong>Responsabilitate \u0219i Etic\u0103:<\/strong> Ne angaj\u0103m s\u0103 oper\u0103m cu integritate, respect\u00e2nd standardele etice \u0219i legale \u00een toate aspectele activit\u0103\u021bii noastre.<\/p>\n\n\n\n<p><\/p>\n\n\n\n<p>Prin atingerea acestor obiective, dorim s\u0103 contribuim la cre\u0219terea siguran\u021bei \u0219i bun\u0103st\u0103rii comunit\u0103\u021bilor pe care le deservim.<\/p>\n\n\n\n<figure class=\"wp-block-video\"><video height=\"544\" style=\"aspect-ratio: 960 \/ 544;\" width=\"960\" autoplay controls loop src=\"https:\/\/protectpro.ro\/wp-content\/uploads\/2024\/08\/Promo2.mp4\"><\/video><\/figure>\n\n\n\n<div class=\"wp-block-buttons is-layout-flex wp-block-buttons-is-layout-flex\">\n<div class=\"wp-block-button is-style-fill\"><a class=\"wp-block-button__link wp-element-button\" href=\"https:\/\/protectpro.ro\/\" style=\"border-style:none;border-width:0px;border-radius:5px\">\u00cenapoi<\/a><\/div>\n<\/div>\n","protected":false},"excerpt":{"rendered":"<p>Protect Pro este o firm\u0103 \u00eenfiin\u021bat\u0103 \u00een 2024, mic\u0103 dar cu o vast\u0103 experien\u021b\u0103 acumulat\u0103 \u00een ani de munc\u0103 \u00een domeniul securit\u0103\u021bii \u0219i tehnologiei. De\u0219i suntem la \u00eenceput ca entitate, echipa noastr\u0103 este format\u0103 din profesioni\u0219ti cu expertiz\u0103 solid\u0103, dedica\u021bi s\u0103 ofere cele mai bune solu\u021bii pentru protec\u021bia \u0219i confortul dumneavoastr\u0103. Oferim servicii complete de [&hellip;]<\/p>\n","protected":false},"author":1,"featured_media":0,"parent":0,"menu_order":0,"comment_status":"closed","ping_status":"closed","template":"","meta":{"_uag_custom_page_level_css":"","footnotes":""},"class_list":["post-12","page","type-page","status-publish","hentry"],"uagb_featured_image_src":{"full":false,"thumbnail":false,"medium":false,"medium_large":false,"large":false,"1536x1536":false,"2048x2048":false},"uagb_author_info":{"display_name":"protectpro","author_link":"https:\/\/protectpro.ro\/author\/protectpro"},"uagb_comment_info":0,"uagb_excerpt":"Protect Pro este o firm\u0103 \u00eenfiin\u021bat\u0103 \u00een 2024, mic\u0103 dar cu o vast\u0103 experien\u021b\u0103 acumulat\u0103 \u00een ani de munc\u0103 \u00een domeniul securit\u0103\u021bii \u0219i tehnologiei. De\u0219i suntem la \u00eenceput ca entitate, echipa noastr\u0103 este format\u0103 din profesioni\u0219ti cu expertiz\u0103 solid\u0103, dedica\u021bi s\u0103 ofere cele mai bune solu\u021bii pentru protec\u021bia \u0219i confortul dumneavoastr\u0103. Oferim servicii complete de&hellip;","_links":{"self":[{"href":"https:\/\/protectpro.ro\/index.php?rest_route=\/wp\/v2\/pages\/12","targetHints":{"allow":["GET"]}}],"collection":[{"href":"https:\/\/protectpro.ro\/index.php?rest_route=\/wp\/v2\/pages"}],"about":[{"href":"https:\/\/protectpro.ro\/index.php?rest_route=\/wp\/v2\/types\/page"}],"author":[{"embeddable":true,"href":"https:\/\/protectpro.ro\/index.php?rest_route=\/wp\/v2\/users\/1"}],"replies":[{"embeddable":true,"href":"https:\/\/protectpro.ro\/index.php?rest_route=%2Fwp%2Fv2%2Fcomments&post=12"}],"version-history":[{"count":22,"href":"https:\/\/protectpro.ro\/index.php?rest_route=\/wp\/v2\/pages\/12\/revisions"}],"predecessor-version":[{"id":310,"href":"https:\/\/protectpro.ro\/index.php?rest_route=\/wp\/v2\/pages\/12\/revisions\/310"}],"wp:attachment":[{"href":"https:\/\/protectpro.ro\/index.php?rest_route=%2Fwp%2Fv2%2Fmedia&parent=12"}],"curies":[{"name":"wp","href":"https:\/\/api.w.org\/{rel}","templated":true}]}}