{"id":33,"date":"2024-08-21T09:48:36","date_gmt":"2024-08-21T09:48:36","guid":{"rendered":"https:\/\/protectpro.ro\/?page_id=33"},"modified":"2025-01-13T11:18:03","modified_gmt":"2025-01-13T09:18:03","slug":"automatizari","status":"publish","type":"page","link":"https:\/\/protectpro.ro\/?page_id=33","title":{"rendered":"Automatiz\u0103ri"},"content":{"rendered":"\n<p>Automatiz\u0103rile pentru sistemele de acces reprezint\u0103 integrarea tehnologiilor avansate care permit gestionarea \u0219i controlul automatizat al accesului \u00eentr-un spa\u021biu. Aceste solu\u021bii implic\u0103 utilizarea unor algoritmi \u0219i senzori pentru a facilita accesul f\u0103r\u0103 interven\u021bie uman\u0103 direct\u0103, cum ar fi deschiderea automat\u0103 a u\u0219ilor, recunoa\u0219terea automat\u0103 a persoanelor autorizate prin sisteme biometrice, precum \u0219i gestionarea accesului pe baza program\u0103rilor sau a unor condi\u021bii predefinite. Automatiz\u0103rile cresc eficien\u021ba \u0219i securitatea, reduc\u00e2nd erorile umane \u0219i permi\u021b\u00e2nd monitorizarea \u00een timp real a accesului. Ele pot fi integrate cu alte sisteme de gestionare ale cl\u0103dirilor inteligente, contribuind la o administrare mai eficient\u0103 a resurselor \u0219i la \u00eembun\u0103t\u0103\u021birea securit\u0103\u021bii generale.<\/p>\n\n\n\n<p><strong>Por\u021bi batante<\/strong><\/p>\n\n\n\n<div class=\"wp-block-uagb-container uagb-block-68f8506b alignfull uagb-is-root-container\"><div class=\"uagb-container-inner-blocks-wrap\">\n<div class=\"wp-block-uagb-container uagb-block-13d38fb0\">\n<figure class=\"wp-block-gallery has-nested-images columns-default is-cropped wp-block-gallery-1 is-layout-flex wp-block-gallery-is-layout-flex\">\n<figure class=\"wp-block-image size-large\"><img decoding=\"async\" src=\"https:\/\/protectpro.ro\/wp-content\/uploads\/2024\/08\/portibatante-1024x768.jpg\" alt=\"\"\/><\/figure>\n<\/figure>\n<\/div>\n\n\n\n<div class=\"wp-block-uagb-container uagb-block-3c60ea14\">\n<p>Por\u021bile batante sunt solu\u021bia ideal\u0103 pentru siguran\u021ba \u0219i accesul facil al oric\u0103rei propriet\u0103\u021bi. Cu un design elegant \u0219i durabilitate ridicat\u0103, acestea pot fi automatizate pentru un control comod de la distan\u021b\u0103, oferind at\u00e2t protec\u021bie, c\u00e2t \u0219i estetic\u0103 deosebit\u0103.<\/p>\n<\/div>\n<\/div><\/div>\n\n\n\n<p><strong>Por\u021bi culisante<\/strong><\/p>\n\n\n\n<div class=\"wp-block-uagb-container uagb-block-df9a6c68 alignfull uagb-is-root-container\"><div class=\"uagb-container-inner-blocks-wrap\">\n<div class=\"wp-block-uagb-container uagb-block-f542a55f\">\n<div class=\"wp-block-uagb-image uagb-block-e5f50cbf wp-block-uagb-image--layout-default wp-block-uagb-image--effect-static wp-block-uagb-image--align-none\"><figure class=\"wp-block-uagb-image__figure\"><img decoding=\"async\" srcset=\"https:\/\/protectpro.ro\/wp-content\/uploads\/2024\/08\/poartaculisanta.jpeg ,https:\/\/protectpro.ro\/wp-content\/uploads\/2024\/08\/poartaculisanta.jpeg 780w, https:\/\/protectpro.ro\/wp-content\/uploads\/2024\/08\/poartaculisanta.jpeg 360w\" sizes=\"auto, (max-width: 480px) 150px\" src=\"https:\/\/protectpro.ro\/wp-content\/uploads\/2024\/08\/poartaculisanta.jpeg\" alt=\"\" class=\"uag-image-152\" width=\"1024\" height=\"683\" title=\"poartaculisanta\" loading=\"lazy\" role=\"img\"\/><\/figure><\/div>\n<\/div>\n\n\n\n<div class=\"wp-block-uagb-container uagb-block-81361d8c\">\n<p>Por\u021bile culisante ofer\u0103 o solu\u021bie practic\u0103 \u0219i modern\u0103 pentru accesul \u00een cur\u021bi sau propriet\u0103\u021bi comerciale. Acestea sunt ideale pentru economisirea spa\u021biului \u0219i ofer\u0103 un control facil prin sisteme de automatizare avansate. Materialele durabile \u0219i designul elegant asigur\u0103 securitate \u0219i estetic\u0103 premium.<\/p>\n<\/div>\n<\/div><\/div>\n\n\n\n<p><strong>U\u0219i garaj<\/strong><\/p>\n\n\n\n<div class=\"wp-block-uagb-container uagb-block-a164895d alignfull uagb-is-root-container\"><div class=\"uagb-container-inner-blocks-wrap\">\n<div class=\"wp-block-uagb-container uagb-block-8e0c4958\">\n<div class=\"wp-block-uagb-image uagb-block-c1ded0cb wp-block-uagb-image--layout-default wp-block-uagb-image--effect-static wp-block-uagb-image--align-none\"><figure class=\"wp-block-uagb-image__figure\"><img decoding=\"async\" srcset=\"https:\/\/protectpro.ro\/wp-content\/uploads\/2024\/08\/usagaraj1.jpeg ,https:\/\/protectpro.ro\/wp-content\/uploads\/2024\/08\/usagaraj1.jpeg 780w, https:\/\/protectpro.ro\/wp-content\/uploads\/2024\/08\/usagaraj1.jpeg 360w\" sizes=\"auto, (max-width: 480px) 150px\" src=\"https:\/\/protectpro.ro\/wp-content\/uploads\/2024\/08\/usagaraj1.jpeg\" alt=\"\" class=\"uag-image-153\" width=\"1024\" height=\"683\" title=\"usagaraj1\" loading=\"lazy\" role=\"img\"\/><\/figure><\/div>\n<\/div>\n\n\n\n<div class=\"wp-block-uagb-container uagb-block-4c0e6863\">\n<p>Automatizarea u\u0219ilor de garaj ofer\u0103 confort \u0219i securitate sporit\u0103. Cu o simpl\u0103 ap\u0103sare de buton, po\u021bi deschide sau \u00eenchide u\u0219a garajului din confortul ma\u0219inii tale sau de la distan\u021b\u0103, direct de pe telefon. Sistemele moderne sunt silen\u021bioase, eficiente \u0219i compatibile cu diverse tipuri de u\u0219i.<\/p>\n<\/div>\n<\/div><\/div>\n\n\n\n<p><strong>Bariere de acces<\/strong><\/p>\n\n\n\n<div class=\"wp-block-uagb-container uagb-block-f3358e63 alignfull uagb-is-root-container\"><div class=\"uagb-container-inner-blocks-wrap\">\n<div class=\"wp-block-uagb-container uagb-block-b3fb65d2\">\n<figure class=\"wp-block-image size-full\"><img loading=\"lazy\" decoding=\"async\" width=\"940\" height=\"560\" src=\"https:\/\/protectpro.ro\/wp-content\/uploads\/2024\/09\/bariera-acces-auto-4-metri-life-230v-supra4-656_2.webp\" alt=\"\" class=\"wp-image-191\" srcset=\"https:\/\/protectpro.ro\/wp-content\/uploads\/2024\/09\/bariera-acces-auto-4-metri-life-230v-supra4-656_2.webp 940w, https:\/\/protectpro.ro\/wp-content\/uploads\/2024\/09\/bariera-acces-auto-4-metri-life-230v-supra4-656_2-300x179.webp 300w, https:\/\/protectpro.ro\/wp-content\/uploads\/2024\/09\/bariera-acces-auto-4-metri-life-230v-supra4-656_2-768x458.webp 768w\" sizes=\"auto, (max-width: 940px) 100vw, 940px\" \/><\/figure>\n<\/div>\n\n\n\n<div class=\"wp-block-uagb-container uagb-block-ee6a2998\">\n<p>Barierele de acces automate sunt solu\u021bia ideal\u0103 pentru controlul eficient al traficului \u00een parc\u0103ri, zone reziden\u021biale sau industriale. Durabile \u0219i u\u0219or de utilizat, acestea asigur\u0103 un acces securizat, rapid \u0219i controlat, put\u00e2nd fi integrate cu sisteme de control acces \u0219i gestionate de la distan\u021b\u0103.<\/p>\n<\/div>\n<\/div><\/div>\n\n\n\n<div class=\"wp-block-buttons is-layout-flex wp-block-buttons-is-layout-flex\">\n<div class=\"wp-block-button is-style-fill\"><a class=\"wp-block-button__link wp-element-button\" href=\"https:\/\/protectpro.ro\/\" style=\"border-style:none;border-width:0px;border-radius:5px\">\u00cenapoi<\/a><\/div>\n<\/div>\n\n\n\n<p><\/p>\n","protected":false},"excerpt":{"rendered":"<p>Automatiz\u0103rile pentru sistemele de acces reprezint\u0103 integrarea tehnologiilor avansate care permit gestionarea \u0219i controlul automatizat al accesului \u00eentr-un spa\u021biu. Aceste solu\u021bii implic\u0103 utilizarea unor algoritmi \u0219i senzori pentru a facilita accesul f\u0103r\u0103 interven\u021bie uman\u0103 direct\u0103, cum ar fi deschiderea automat\u0103 a u\u0219ilor, recunoa\u0219terea automat\u0103 a persoanelor autorizate prin sisteme biometrice, precum \u0219i gestionarea accesului pe [&hellip;]<\/p>\n","protected":false},"author":1,"featured_media":0,"parent":0,"menu_order":0,"comment_status":"closed","ping_status":"closed","template":"","meta":{"_uag_custom_page_level_css":"","footnotes":""},"class_list":["post-33","page","type-page","status-publish","hentry"],"uagb_featured_image_src":{"full":false,"thumbnail":false,"medium":false,"medium_large":false,"large":false,"1536x1536":false,"2048x2048":false},"uagb_author_info":{"display_name":"protectpro","author_link":"https:\/\/protectpro.ro\/author\/protectpro"},"uagb_comment_info":0,"uagb_excerpt":"Automatiz\u0103rile pentru sistemele de acces reprezint\u0103 integrarea tehnologiilor avansate care permit gestionarea \u0219i controlul automatizat al accesului \u00eentr-un spa\u021biu. Aceste solu\u021bii implic\u0103 utilizarea unor algoritmi \u0219i senzori pentru a facilita accesul f\u0103r\u0103 interven\u021bie uman\u0103 direct\u0103, cum ar fi deschiderea automat\u0103 a u\u0219ilor, recunoa\u0219terea automat\u0103 a persoanelor autorizate prin sisteme biometrice, precum \u0219i gestionarea accesului pe&hellip;","_links":{"self":[{"href":"https:\/\/protectpro.ro\/index.php?rest_route=\/wp\/v2\/pages\/33","targetHints":{"allow":["GET"]}}],"collection":[{"href":"https:\/\/protectpro.ro\/index.php?rest_route=\/wp\/v2\/pages"}],"about":[{"href":"https:\/\/protectpro.ro\/index.php?rest_route=\/wp\/v2\/types\/page"}],"author":[{"embeddable":true,"href":"https:\/\/protectpro.ro\/index.php?rest_route=\/wp\/v2\/users\/1"}],"replies":[{"embeddable":true,"href":"https:\/\/protectpro.ro\/index.php?rest_route=%2Fwp%2Fv2%2Fcomments&post=33"}],"version-history":[{"count":11,"href":"https:\/\/protectpro.ro\/index.php?rest_route=\/wp\/v2\/pages\/33\/revisions"}],"predecessor-version":[{"id":306,"href":"https:\/\/protectpro.ro\/index.php?rest_route=\/wp\/v2\/pages\/33\/revisions\/306"}],"wp:attachment":[{"href":"https:\/\/protectpro.ro\/index.php?rest_route=%2Fwp%2Fv2%2Fmedia&parent=33"}],"curies":[{"name":"wp","href":"https:\/\/api.w.org\/{rel}","templated":true}]}}