{"id":37,"date":"2024-08-21T09:44:54","date_gmt":"2024-08-21T09:44:54","guid":{"rendered":"https:\/\/protectpro.ro\/?page_id=37"},"modified":"2025-01-13T11:30:57","modified_gmt":"2025-01-13T09:30:57","slug":"sisteme-de-securitate-si-protectie","status":"publish","type":"page","link":"https:\/\/protectpro.ro\/?page_id=37","title":{"rendered":"Sisteme de securitate \u0219i protec\u021bie"},"content":{"rendered":"\n<p>Sistemele de securitate sunt solu\u021bii tehnologice complexe destinate protej\u0103rii persoanelor, propriet\u0103\u021bilor \u0219i informa\u021biilor \u00eempotriva accesului neautorizat, furtului, vandalismului \u0219i altor amenin\u021b\u0103ri. Acestea includ o gam\u0103 larg\u0103 de dispozitive \u0219i tehnici, precum camere de supraveghere video, sisteme de alarm\u0103, detectoare de mi\u0219care, senzori de fum \u0219i gaze, precum \u0219i controlul accesului. Sistemele de securitate pot fi monitorizate local sau de la distan\u021b\u0103, oferind alerte \u00een timp real \u0219i posibilitatea de a reac\u021biona rapid \u00een cazul unei situa\u021bii de urgen\u021b\u0103. Ele sunt esen\u021biale pentru asigurarea unui mediu sigur \u0219i protejat \u00een locuin\u021be, birouri, institu\u021bii publice \u0219i private, precum \u0219i \u00een zonele industriale \u0219i comerciale.<\/p>\n\n\n\n<p><strong>Sisteme de supraveghere video<\/strong><\/p>\n\n\n\n<div class=\"wp-block-uagb-container uagb-block-a3f7ac9c alignfull uagb-is-root-container\"><div class=\"uagb-container-inner-blocks-wrap\">\n<div class=\"wp-block-uagb-container uagb-block-ae488e47\">\n<div class=\"wp-block-uagb-image uagb-block-4139bee7 wp-block-uagb-image--layout-default wp-block-uagb-image--effect-static wp-block-uagb-image--align-none\"><figure class=\"wp-block-uagb-image__figure\"><img decoding=\"async\" srcset=\"https:\/\/protectpro.ro\/wp-content\/uploads\/2024\/08\/cam2-1024x1024.png ,https:\/\/protectpro.ro\/wp-content\/uploads\/2024\/08\/cam2.png 780w, https:\/\/protectpro.ro\/wp-content\/uploads\/2024\/08\/cam2.png 360w\" sizes=\"auto, (max-width: 480px) 150px\" src=\"https:\/\/protectpro.ro\/wp-content\/uploads\/2024\/08\/cam2-1024x1024.png\" alt=\"\" class=\"uag-image-76\" width=\"1024\" height=\"1024\" title=\"cam2\" loading=\"lazy\" role=\"img\"\/><\/figure><\/div>\n<\/div>\n\n\n\n<div class=\"wp-block-uagb-container uagb-block-f72c0280\">\n<p>Sistemele de supraveghere video ofer\u0103 securitate avansat\u0103 pentru locuin\u021be \u0219i afaceri, monitoriz\u00e2nd \u00een timp real \u0219i stoc\u00e2nd imagini clare, zi \u0219i noapte. Cu acces de la distan\u021b\u0103 prin smartphone \u0219i func\u021bii inteligente, asigur\u0103 protec\u021bie continu\u0103 \u00eempotriva intru\u0219ilor sau incidentelor nedorite.<\/p>\n<\/div>\n<\/div><\/div>\n\n\n\n<p><strong>Sisteme de alarm\u0103<\/strong><\/p>\n\n\n\n<div class=\"wp-block-uagb-container uagb-block-cb368539 alignfull uagb-is-root-container\"><div class=\"uagb-container-inner-blocks-wrap\">\n<div class=\"wp-block-uagb-container uagb-block-811a2cd8\">\n<div class=\"wp-block-uagb-image uagb-block-e4542b14 wp-block-uagb-image--layout-default wp-block-uagb-image--effect-static wp-block-uagb-image--align-none\"><figure class=\"wp-block-uagb-image__figure\"><img decoding=\"async\" srcset=\"https:\/\/protectpro.ro\/wp-content\/uploads\/2024\/09\/sisteme-de-alarmare-2.jpg ,https:\/\/protectpro.ro\/wp-content\/uploads\/2024\/09\/sisteme-de-alarmare-2.jpg 780w, https:\/\/protectpro.ro\/wp-content\/uploads\/2024\/09\/sisteme-de-alarmare-2.jpg 360w\" sizes=\"auto, (max-width: 480px) 150px\" src=\"https:\/\/protectpro.ro\/wp-content\/uploads\/2024\/09\/sisteme-de-alarmare-2.jpg\" alt=\"\" class=\"uag-image-284\" width=\"273\" height=\"273\" title=\"sisteme-de-alarmare-2\" loading=\"lazy\" role=\"img\"\/><\/figure><\/div>\n<\/div>\n\n\n\n<div class=\"wp-block-uagb-container uagb-block-70c66a50\">\n<p>Sistemele de alarm\u0103 ofer\u0103 protec\u021bie esen\u021bial\u0103 prin detectarea rapid\u0103 a intru\u0219ilor \u0219i a altor situa\u021bii de urgen\u021b\u0103. Cu senzori avansa\u021bi \u0219i notific\u0103ri instantanee pe telefon, asigur\u0103 un r\u0103spuns prompt \u0219i eficient pentru siguran\u021ba locuin\u021bei sau afacerii tale.<\/p>\n<\/div>\n<\/div><\/div>\n\n\n\n<div class=\"wp-block-buttons is-layout-flex wp-block-buttons-is-layout-flex\">\n<div class=\"wp-block-button is-style-fill\"><a class=\"wp-block-button__link wp-element-button\" href=\"https:\/\/protectpro.ro\/\" style=\"border-style:none;border-width:0px;border-radius:5px\">\u00cenapoi<\/a><\/div>\n<\/div>\n\n\n\n<p><\/p>\n","protected":false},"excerpt":{"rendered":"<p>Sistemele de securitate sunt solu\u021bii tehnologice complexe destinate protej\u0103rii persoanelor, propriet\u0103\u021bilor \u0219i informa\u021biilor \u00eempotriva accesului neautorizat, furtului, vandalismului \u0219i altor amenin\u021b\u0103ri. Acestea includ o gam\u0103 larg\u0103 de dispozitive \u0219i tehnici, precum camere de supraveghere video, sisteme de alarm\u0103, detectoare de mi\u0219care, senzori de fum \u0219i gaze, precum \u0219i controlul accesului. Sistemele de securitate pot fi [&hellip;]<\/p>\n","protected":false},"author":1,"featured_media":0,"parent":0,"menu_order":0,"comment_status":"closed","ping_status":"closed","template":"","meta":{"_uag_custom_page_level_css":"","footnotes":""},"class_list":["post-37","page","type-page","status-publish","hentry"],"uagb_featured_image_src":{"full":false,"thumbnail":false,"medium":false,"medium_large":false,"large":false,"1536x1536":false,"2048x2048":false},"uagb_author_info":{"display_name":"protectpro","author_link":"https:\/\/protectpro.ro\/author\/protectpro"},"uagb_comment_info":0,"uagb_excerpt":"Sistemele de securitate sunt solu\u021bii tehnologice complexe destinate protej\u0103rii persoanelor, propriet\u0103\u021bilor \u0219i informa\u021biilor \u00eempotriva accesului neautorizat, furtului, vandalismului \u0219i altor amenin\u021b\u0103ri. Acestea includ o gam\u0103 larg\u0103 de dispozitive \u0219i tehnici, precum camere de supraveghere video, sisteme de alarm\u0103, detectoare de mi\u0219care, senzori de fum \u0219i gaze, precum \u0219i controlul accesului. Sistemele de securitate pot fi&hellip;","_links":{"self":[{"href":"https:\/\/protectpro.ro\/index.php?rest_route=\/wp\/v2\/pages\/37","targetHints":{"allow":["GET"]}}],"collection":[{"href":"https:\/\/protectpro.ro\/index.php?rest_route=\/wp\/v2\/pages"}],"about":[{"href":"https:\/\/protectpro.ro\/index.php?rest_route=\/wp\/v2\/types\/page"}],"author":[{"embeddable":true,"href":"https:\/\/protectpro.ro\/index.php?rest_route=\/wp\/v2\/users\/1"}],"replies":[{"embeddable":true,"href":"https:\/\/protectpro.ro\/index.php?rest_route=%2Fwp%2Fv2%2Fcomments&post=37"}],"version-history":[{"count":5,"href":"https:\/\/protectpro.ro\/index.php?rest_route=\/wp\/v2\/pages\/37\/revisions"}],"predecessor-version":[{"id":316,"href":"https:\/\/protectpro.ro\/index.php?rest_route=\/wp\/v2\/pages\/37\/revisions\/316"}],"wp:attachment":[{"href":"https:\/\/protectpro.ro\/index.php?rest_route=%2Fwp%2Fv2%2Fmedia&parent=37"}],"curies":[{"name":"wp","href":"https:\/\/api.w.org\/{rel}","templated":true}]}}